{"id":98,"date":"2025-03-16T17:57:16","date_gmt":"2025-03-16T17:57:16","guid":{"rendered":"http:\/\/138.2.163.110\/?page_id=98"},"modified":"2025-03-16T18:01:21","modified_gmt":"2025-03-16T18:01:21","slug":"felveteli-felkeszites","status":"publish","type":"page","link":"https:\/\/timeaonline.com\/index.php\/our-services\/felveteli-felkeszites\/","title":{"rendered":"felveteli felkeszites"},"content":{"rendered":"\t\t<div data-elementor-type=\"wp-page\" data-elementor-id=\"98\" class=\"elementor elementor-98\">\n\t\t\t\t<div class=\"elementor-element elementor-element-7cdc6c0 e-flex e-con-boxed e-con e-parent\" data-id=\"7cdc6c0\" data-element_type=\"container\">\n\t\t\t\t\t<div class=\"e-con-inner\">\n\t\t<div class=\"elementor-element elementor-element-56476ec e-con-full e-flex e-con e-child\" data-id=\"56476ec\" data-element_type=\"container\">\n\t\t\t\t<div class=\"elementor-element elementor-element-2d61ece elementor-widget elementor-widget-heading\" data-id=\"2d61ece\" data-element_type=\"widget\" data-widget_type=\"heading.default\">\n\t\t\t\t<div class=\"elementor-widget-container\">\n\t\t\t\t\t<h4 class=\"elementor-heading-title elementor-size-default\">Felv\u00e9teli felk\u00e9sz\u00edt\u00e9s<\/h4>\t\t\t\t<\/div>\n\t\t\t\t<\/div>\n\t\t\t\t<div class=\"elementor-element elementor-element-0736095 elementor-widget elementor-widget-text-editor\" data-id=\"0736095\" data-element_type=\"widget\" data-widget_type=\"text-editor.default\">\n\t\t\t\t<div class=\"elementor-widget-container\">\n\t\t\t\t\t\t\t\t\t<div id=\"comp-jrdap43x3\" class=\"HcOXKn SxM0TO QxJLC3 lq2cno YQcXTT comp-jrdap43x3 wixui-rich-text\" data-testid=\"richTextElement\"><p class=\"font_9 wixui-rich-text__text\"><span class=\"color_15 wixui-rich-text__text\">Felv\u00e9teli vizsg\u00e1ra val\u00f3 javasolt felk\u00e9sz\u00fcl\u00e9si id\u0151 egy vagy f\u00e9l \u00e9v. A felv\u00e9teli el\u0151tt 1 \u00e9vvel, teh\u00e1t janu\u00e1rt\u00f3l, de legk\u00e9s\u0151bb szeptember-okt\u00f3ber t\u00e1j\u00e9k\u00e1n el kell kezdeni a tanul\u00e1st. Az \u00f3ra id\u0151tartama 60 vagy 90 perc.<\/span><\/p><p class=\"font_9 wixui-rich-text__text\"><span class=\"color_15 wixui-rich-text__text\">A k\u00f6z\u00e9piskolai tov\u00e1bbtanul\u00e1s azzal j\u00e1r, hogy janu\u00e1r k\u00f6zep\u00e9n a tanul\u00f3k \u00edr\u00e1sbeli felv\u00e9telit tesznek magyarb\u00f3l \u00e9s matematik\u00e1b\u00f3l. \u00c9n a magyar \u00edr\u00e1sbelire \u00e9s sz\u00f3belire val\u00f3 felk\u00e9sz\u00edt\u00e9sben tudok seg\u00edteni. V\u00e1llalok 4. oszt\u00e1lyosok sz\u00e1m\u00e1ra 8 oszt\u00e1lyos gimn\u00e1ziumi felk\u00e9sz\u00edt\u00e9st, 6. oszt\u00e1lyosoknak 6 oszt\u00e1lyos gimn\u00e1ziumi felk\u00e9sz\u00edt\u00e9st, \u00e9s 8. oszt\u00e1lyosoknak 4 oszt\u00e1lyos k\u00f6z\u00e9piskolai felk\u00e9sz\u00edt\u00e9st.<\/span><\/p><p class=\"font_9 wixui-rich-text__text\"><span class=\"color_15 wixui-rich-text__text\">\u00a0<\/span><\/p><\/div><div id=\"comp-jrdm1xh5\" class=\"HcOXKn SxM0TO QxJLC3 lq2cno YQcXTT comp-jrdm1xh5 wixui-rich-text\" data-testid=\"richTextElement\"><p class=\"font_9 wixui-rich-text__text\"><span class=\"color_15 wixui-rich-text__text\">Hogy mi\u00e9rt kell erre k\u00fcl\u00f6n k\u00e9sz\u00fclni? Az\u00e9rt, mert ezek speci\u00e1lis feladatok, melyek megold\u00e1si mechanizmusait j\u00f3l be kell gyakorolni. Meg kell ismerni a tr\u00fckk\u00f6ket. A probl\u00e9ma abb\u00f3l szokott ad\u00f3dni, hogy a di\u00e1k nyelvtan \u00e9s irodalom tud\u00e1s\u00e1nak teljesen stabilnak kell lennie, \u00e9s ez nincs mindig \u00edgy. Amennyiben a tanul\u00f3 nem eml\u00e9kszik bizonyos t\u00e9mak\u00f6r\u00f6kre, azokat \u00fajra meg kell tan\u00edtanom, \u00e9s j\u00f3l be kell gyakoroltatnom.\u00a0<\/span><\/p><p class=\"font_9 wixui-rich-text__text\"><span class=\"color_15 wixui-rich-text__text\">Ez\u00e9rt el\u0151sz\u00f6r felm\u00e9rem, hogy a gyerek milyen tud\u00e1ssal rendelkezik. Ezek ut\u00e1n a sz\u00fcl\u0151vel \u00e9s a gyermek\u00e9vel egy\u00fctt megbesz\u00e9lj\u00fck az \u00e1ltalam tapasztaltakat, \u00e9s fel\u00e1ll\u00edtunk egy tervet. Ez a k\u00f6z\u00f6s munk\u00e1t hat\u00e1rozza meg, melyhez a tanul\u00f3nak is az \u00e1ld\u00e1s\u00e1t kell adnia. Neki tudnia kell az elej\u00e9n, hogy milyen c\u00e9l\u00e9rt dolgozik, \u00e9s ez\u00e9rt mit v\u00e1llal. Ehhez a meg\u00e1llapod\u00e1shoz ragaszkodom, mert csak \u00edgy tudunk egy\u00fctt sikeresek lenni.\u00a0<\/span><\/p><p class=\"font_9 wixui-rich-text__text\"><span class=\"color_15 wixui-rich-text__text\">El\u0151sz\u00f6r az \u00edr\u00e1sbeli felv\u00e9teli dolgozatra gyakorolunk. Amikor ezen t\u00fal van a felv\u00e9teliz\u0151, akkor k\u00f6vetkezik a sz\u00f3beli felv\u00e9telire val\u00f3 felk\u00e9sz\u00fcl\u00e9s. Ez nincs minden iskol\u00e1ban, de nagyon gyakori. \u00c9n a szakomnak megfelel\u0151 tant\u00e1rgyakb\u00f3l tudok seg\u00edteni. Az angol szakokon magyar nyelvtanb\u00f3l is szokt\u00e1k k\u00e9rdezni a jel\u00f6lteket, term\u00e9szetesen ebben is seg\u00edtek. A sz\u00f3beli vizsg\u00e1ra val\u00f3 felk\u00e9sz\u00fcl\u00e9s sor\u00e1n megtanuljuk, hogy mire kell figyelni, \u00edgy p\u00e9ld\u00e1ul felk\u00e9sz\u00fcl\u00fcnk egy bemutatkoz\u00e1ssal, kedvenc olvasm\u00e1ny bemutat\u00e1s\u00e1val, illetve ha van, akkor a t\u00e9telsor anyag\u00e1t is \u00e1tvessz\u00fck.\u00a0<\/span><\/p><p class=\"font_9 wixui-rich-text__text\"><span class=\"color_15 wixui-rich-text__text\">A kor\u00e1bbi \u00e9vek sor\u00e1n rengeteg tan\u00edtv\u00e1nyom tapasztalat\u00e1t jegyeztem fel, \u00edgy p\u00e1r iskol\u00e1r\u00f3l van inform\u00e1ci\u00f3m a sz\u00f3beliztet\u00e9s jelleg\u00e9r\u0151l.<\/span><\/p><\/div>\t\t\t\t\t\t\t\t<\/div>\n\t\t\t\t<\/div>\n\t\t\t\t<\/div>\n\t\t<div class=\"elementor-element elementor-element-b0625f5 e-con-full e-flex e-con e-child\" data-id=\"b0625f5\" data-element_type=\"container\">\n\t\t<div class=\"elementor-element elementor-element-e283664 e-con-full e-flex e-con e-child\" data-id=\"e283664\" data-element_type=\"container\">\n\t\t\t\t<div class=\"elementor-element elementor-element-9c7b831 elementor-widget elementor-widget-image\" data-id=\"9c7b831\" data-element_type=\"widget\" data-widget_type=\"image.default\">\n\t\t\t\t<div class=\"elementor-widget-container\">\n\t\t\t\t\t\t\t\t\t\t\t\t\t\t\t<img fetchpriority=\"high\" decoding=\"async\" width=\"521\" height=\"591\" src=\"https:\/\/timeaonline.com\/wp-content\/uploads\/2025\/03\/Classmates.avif\" class=\"attachment-large size-large wp-image-100\" alt=\"\" \/>\t\t\t\t\t\t\t\t\t\t\t\t\t\t\t<\/div>\n\t\t\t\t<\/div>\n\t\t\t\t<\/div>\n\t\t<div class=\"elementor-element elementor-element-d8d9894 e-con-full e-flex e-con e-child\" data-id=\"d8d9894\" data-element_type=\"container\">\n\t\t\t\t<\/div>\n\t\t\t\t<\/div>\n\t\t\t\t\t<\/div>\n\t\t\t\t<\/div>\n\t\t\t\t<\/div>\n\t\t","protected":false},"excerpt":{"rendered":"<p>Felv\u00e9teli felk\u00e9sz\u00edt\u00e9s Felv\u00e9teli vizsg\u00e1ra val\u00f3 javasolt felk\u00e9sz\u00fcl\u00e9si id\u0151 egy vagy f\u00e9l \u00e9v. A felv\u00e9teli el\u0151tt 1 \u00e9vvel, teh\u00e1t janu\u00e1rt\u00f3l, de legk\u00e9s\u0151bb szeptember-okt\u00f3ber t\u00e1j\u00e9k\u00e1n el kell kezdeni a tanul\u00e1st. Az \u00f3ra id\u0151tartama 60 vagy 90 perc. A k\u00f6z\u00e9piskolai tov\u00e1bbtanul\u00e1s azzal j\u00e1r, hogy janu\u00e1r k\u00f6zep\u00e9n a tanul\u00f3k \u00edr\u00e1sbeli felv\u00e9telit tesznek magyarb\u00f3l \u00e9s matematik\u00e1b\u00f3l. \u00c9n a magyar \u00edr\u00e1sbelire [&hellip;]<\/p>\n","protected":false},"author":1,"featured_media":0,"parent":19,"menu_order":0,"comment_status":"closed","ping_status":"closed","template":"","meta":{"footnotes":""},"class_list":["post-98","page","type-page","status-publish","hentry"],"_links":{"self":[{"href":"https:\/\/timeaonline.com\/index.php\/wp-json\/wp\/v2\/pages\/98","targetHints":{"allow":["GET"]}}],"collection":[{"href":"https:\/\/timeaonline.com\/index.php\/wp-json\/wp\/v2\/pages"}],"about":[{"href":"https:\/\/timeaonline.com\/index.php\/wp-json\/wp\/v2\/types\/page"}],"author":[{"embeddable":true,"href":"https:\/\/timeaonline.com\/index.php\/wp-json\/wp\/v2\/users\/1"}],"replies":[{"embeddable":true,"href":"https:\/\/timeaonline.com\/index.php\/wp-json\/wp\/v2\/comments?post=98"}],"version-history":[{"count":5,"href":"https:\/\/timeaonline.com\/index.php\/wp-json\/wp\/v2\/pages\/98\/revisions"}],"predecessor-version":[{"id":104,"href":"https:\/\/timeaonline.com\/index.php\/wp-json\/wp\/v2\/pages\/98\/revisions\/104"}],"up":[{"embeddable":true,"href":"https:\/\/timeaonline.com\/index.php\/wp-json\/wp\/v2\/pages\/19"}],"wp:attachment":[{"href":"https:\/\/timeaonline.com\/index.php\/wp-json\/wp\/v2\/media?parent=98"}],"curies":[{"name":"wp","href":"https:\/\/api.w.org\/{rel}","templated":true}]}}