{"id":133,"date":"2025-03-16T18:13:40","date_gmt":"2025-03-16T18:13:40","guid":{"rendered":"http:\/\/138.2.163.110\/?page_id=133"},"modified":"2025-03-16T18:15:14","modified_gmt":"2025-03-16T18:15:14","slug":"olvass-nekem","status":"publish","type":"page","link":"https:\/\/timeaonline.com\/index.php\/our-services\/olvass-nekem\/","title":{"rendered":"olvass nekem"},"content":{"rendered":"\t\t<div data-elementor-type=\"wp-page\" data-elementor-id=\"133\" class=\"elementor elementor-133\">\n\t\t\t\t<div class=\"elementor-element elementor-element-b96b377 e-flex e-con-boxed e-con e-parent\" data-id=\"b96b377\" data-element_type=\"container\">\n\t\t\t\t\t<div class=\"e-con-inner\">\n\t\t<div class=\"elementor-element elementor-element-6229ff1 e-con-full e-flex e-con e-child\" data-id=\"6229ff1\" data-element_type=\"container\">\n\t\t\t\t<div class=\"elementor-element elementor-element-f3d272b elementor-widget elementor-widget-heading\" data-id=\"f3d272b\" data-element_type=\"widget\" data-widget_type=\"heading.default\">\n\t\t\t\t<div class=\"elementor-widget-container\">\n\t\t\t\t\t<h4 class=\"elementor-heading-title elementor-size-default\">Olvass nekem!<\/h4>\t\t\t\t<\/div>\n\t\t\t\t<\/div>\n\t\t\t\t<div class=\"elementor-element elementor-element-5fbbada elementor-widget elementor-widget-text-editor\" data-id=\"5fbbada\" data-element_type=\"widget\" data-widget_type=\"text-editor.default\">\n\t\t\t\t<div class=\"elementor-widget-container\">\n\t\t\t\t\t\t\t\t\t<p>Sz\u00edvesen meghallgatom gyermek\u00e9t, mik\u00f6zben olvas. A t\u00e9ma b\u00e1rmi lehet: \u00f3rai olvasm\u00e1ny, kedvenc k\u00f6nyv, k\u00f6telez\u0151 olvasm\u00e1ny. Amennyiben sz\u00fcks\u00e9ges, olvas\u00e1si tan\u00e1csokat is adok, vagy fejleszt\u0151 gyakorlatokat is v\u00e9gzek. C\u00e9lom, hogy megszerettessem ezt a tev\u00e9kenys\u00e9get a di\u00e1kjaimmal. Ez\u00e9rt l\u00e9p\u00e9st tartok a kort\u00e1rs irodalommal, \u00e9s tan\u00e1csokkal is tudok szolg\u00e1lni a k\u00f6nyvekkel kapcsolatban.<\/p>\t\t\t\t\t\t\t\t<\/div>\n\t\t\t\t<\/div>\n\t\t\t\t<\/div>\n\t\t<div class=\"elementor-element elementor-element-43c3529 e-con-full e-flex e-con e-child\" data-id=\"43c3529\" data-element_type=\"container\">\n\t\t\t\t<div class=\"elementor-element elementor-element-5b96d15 elementor-widget elementor-widget-image\" data-id=\"5b96d15\" data-element_type=\"widget\" data-widget_type=\"image.default\">\n\t\t\t\t<div class=\"elementor-widget-container\">\n\t\t\t\t\t\t\t\t\t\t\t\t\t\t\t<img fetchpriority=\"high\" decoding=\"async\" width=\"568\" height=\"568\" src=\"https:\/\/timeaonline.com\/wp-content\/uploads\/2025\/03\/9d4821369a424b98994db739211dea96.avif\" class=\"attachment-large size-large wp-image-57\" alt=\"\" \/>\t\t\t\t\t\t\t\t\t\t\t\t\t\t\t<\/div>\n\t\t\t\t<\/div>\n\t\t\t\t<\/div>\n\t\t\t\t\t<\/div>\n\t\t\t\t<\/div>\n\t\t\t\t<\/div>\n\t\t","protected":false},"excerpt":{"rendered":"<p>Olvass nekem! Sz\u00edvesen meghallgatom gyermek\u00e9t, mik\u00f6zben olvas. A t\u00e9ma b\u00e1rmi lehet: \u00f3rai olvasm\u00e1ny, kedvenc k\u00f6nyv, k\u00f6telez\u0151 olvasm\u00e1ny. Amennyiben sz\u00fcks\u00e9ges, olvas\u00e1si tan\u00e1csokat is adok, vagy fejleszt\u0151 gyakorlatokat is v\u00e9gzek. C\u00e9lom, hogy megszerettessem ezt a tev\u00e9kenys\u00e9get a di\u00e1kjaimmal. Ez\u00e9rt l\u00e9p\u00e9st tartok a kort\u00e1rs irodalommal, \u00e9s tan\u00e1csokkal is tudok szolg\u00e1lni a k\u00f6nyvekkel kapcsolatban.<\/p>\n","protected":false},"author":1,"featured_media":0,"parent":19,"menu_order":0,"comment_status":"closed","ping_status":"closed","template":"","meta":{"footnotes":""},"class_list":["post-133","page","type-page","status-publish","hentry"],"_links":{"self":[{"href":"https:\/\/timeaonline.com\/index.php\/wp-json\/wp\/v2\/pages\/133","targetHints":{"allow":["GET"]}}],"collection":[{"href":"https:\/\/timeaonline.com\/index.php\/wp-json\/wp\/v2\/pages"}],"about":[{"href":"https:\/\/timeaonline.com\/index.php\/wp-json\/wp\/v2\/types\/page"}],"author":[{"embeddable":true,"href":"https:\/\/timeaonline.com\/index.php\/wp-json\/wp\/v2\/users\/1"}],"replies":[{"embeddable":true,"href":"https:\/\/timeaonline.com\/index.php\/wp-json\/wp\/v2\/comments?post=133"}],"version-history":[{"count":5,"href":"https:\/\/timeaonline.com\/index.php\/wp-json\/wp\/v2\/pages\/133\/revisions"}],"predecessor-version":[{"id":138,"href":"https:\/\/timeaonline.com\/index.php\/wp-json\/wp\/v2\/pages\/133\/revisions\/138"}],"up":[{"embeddable":true,"href":"https:\/\/timeaonline.com\/index.php\/wp-json\/wp\/v2\/pages\/19"}],"wp:attachment":[{"href":"https:\/\/timeaonline.com\/index.php\/wp-json\/wp\/v2\/media?parent=133"}],"curies":[{"name":"wp","href":"https:\/\/api.w.org\/{rel}","templated":true}]}}