{"id":127,"date":"2025-03-16T18:11:53","date_gmt":"2025-03-16T18:11:53","guid":{"rendered":"http:\/\/138.2.163.110\/?page_id=127"},"modified":"2025-03-16T18:13:25","modified_gmt":"2025-03-16T18:13:25","slug":"olvasok-neked","status":"publish","type":"page","link":"https:\/\/timeaonline.com\/index.php\/our-services\/olvasok-neked\/","title":{"rendered":"olvasok neked"},"content":{"rendered":"\t\t<div data-elementor-type=\"wp-page\" data-elementor-id=\"127\" class=\"elementor elementor-127\">\n\t\t\t\t<div class=\"elementor-element elementor-element-a20e185 e-flex e-con-boxed e-con e-parent\" data-id=\"a20e185\" data-element_type=\"container\">\n\t\t\t\t\t<div class=\"e-con-inner\">\n\t\t<div class=\"elementor-element elementor-element-2d80665 e-con-full e-flex e-con e-child\" data-id=\"2d80665\" data-element_type=\"container\">\n\t\t\t\t<div class=\"elementor-element elementor-element-e00c611 elementor-widget elementor-widget-heading\" data-id=\"e00c611\" data-element_type=\"widget\" data-widget_type=\"heading.default\">\n\t\t\t\t<div class=\"elementor-widget-container\">\n\t\t\t\t\t<h2 class=\"elementor-heading-title elementor-size-default\">Olvasok neked<\/h2>\t\t\t\t<\/div>\n\t\t\t\t<\/div>\n\t\t\t\t<div class=\"elementor-element elementor-element-694da04 elementor-widget elementor-widget-text-editor\" data-id=\"694da04\" data-element_type=\"widget\" data-widget_type=\"text-editor.default\">\n\t\t\t\t<div class=\"elementor-widget-container\">\n\t\t\t\t\t\t\t\t\t<p>Szeretn\u00e9l egy esti mes\u00e9t? Fel van adva egy nagyobb r\u00e9sz a tank\u00f6nyvben? Esetleg gyermeke beteg volt, amikor egy olvasm\u00e1nyt vettek az iskol\u00e1ban? Sz\u00edvesen felolvasok a tanul\u00f3imnak, \u00e9s k\u00f6zben megbesz\u00e9lj\u00fck, hogy az adott sz\u00f6veg mir\u0151l sz\u00f3l. Ez a tev\u00e9kenys\u00e9g sz\u00f3l teh\u00e1t az olvasm\u00e1nyok megismer\u00e9s\u00e9r\u0151l \u00e9s \u00e9rtelmez\u00e9s\u00e9r\u0151l is. Az \u00f3ra sor\u00e1n pr\u00f3b\u00e1lom a tanul\u00f3t is r\u00e1venni arra, hogy csatlakozzon az olvas\u00e1somhoz, ezzel fejlesztve az \u0151 tud\u00e1s\u00e1t is.<\/p>\t\t\t\t\t\t\t\t<\/div>\n\t\t\t\t<\/div>\n\t\t\t\t<\/div>\n\t\t<div class=\"elementor-element elementor-element-1b28f03 e-con-full e-flex e-con e-child\" data-id=\"1b28f03\" data-element_type=\"container\">\n\t\t\t\t<div class=\"elementor-element elementor-element-3988dda elementor-widget elementor-widget-image\" data-id=\"3988dda\" data-element_type=\"widget\" data-widget_type=\"image.default\">\n\t\t\t\t<div class=\"elementor-widget-container\">\n\t\t\t\t\t\t\t\t\t\t\t\t\t\t\t<img fetchpriority=\"high\" decoding=\"async\" width=\"508\" height=\"818\" src=\"https:\/\/timeaonline.com\/wp-content\/uploads\/2025\/03\/Teacher-and-Young-Student.avif\" class=\"attachment-large size-large wp-image-75\" alt=\"\" \/>\t\t\t\t\t\t\t\t\t\t\t\t\t\t\t<\/div>\n\t\t\t\t<\/div>\n\t\t\t\t<\/div>\n\t\t\t\t\t<\/div>\n\t\t\t\t<\/div>\n\t\t\t\t<\/div>\n\t\t","protected":false},"excerpt":{"rendered":"<p>Olvasok neked Szeretn\u00e9l egy esti mes\u00e9t? Fel van adva egy nagyobb r\u00e9sz a tank\u00f6nyvben? Esetleg gyermeke beteg volt, amikor egy olvasm\u00e1nyt vettek az iskol\u00e1ban? Sz\u00edvesen felolvasok a tanul\u00f3imnak, \u00e9s k\u00f6zben megbesz\u00e9lj\u00fck, hogy az adott sz\u00f6veg mir\u0151l sz\u00f3l. Ez a tev\u00e9kenys\u00e9g sz\u00f3l teh\u00e1t az olvasm\u00e1nyok megismer\u00e9s\u00e9r\u0151l \u00e9s \u00e9rtelmez\u00e9s\u00e9r\u0151l is. Az \u00f3ra sor\u00e1n pr\u00f3b\u00e1lom a tanul\u00f3t is [&hellip;]<\/p>\n","protected":false},"author":1,"featured_media":0,"parent":19,"menu_order":0,"comment_status":"closed","ping_status":"closed","template":"","meta":{"footnotes":""},"class_list":["post-127","page","type-page","status-publish","hentry"],"_links":{"self":[{"href":"https:\/\/timeaonline.com\/index.php\/wp-json\/wp\/v2\/pages\/127","targetHints":{"allow":["GET"]}}],"collection":[{"href":"https:\/\/timeaonline.com\/index.php\/wp-json\/wp\/v2\/pages"}],"about":[{"href":"https:\/\/timeaonline.com\/index.php\/wp-json\/wp\/v2\/types\/page"}],"author":[{"embeddable":true,"href":"https:\/\/timeaonline.com\/index.php\/wp-json\/wp\/v2\/users\/1"}],"replies":[{"embeddable":true,"href":"https:\/\/timeaonline.com\/index.php\/wp-json\/wp\/v2\/comments?post=127"}],"version-history":[{"count":5,"href":"https:\/\/timeaonline.com\/index.php\/wp-json\/wp\/v2\/pages\/127\/revisions"}],"predecessor-version":[{"id":132,"href":"https:\/\/timeaonline.com\/index.php\/wp-json\/wp\/v2\/pages\/127\/revisions\/132"}],"up":[{"embeddable":true,"href":"https:\/\/timeaonline.com\/index.php\/wp-json\/wp\/v2\/pages\/19"}],"wp:attachment":[{"href":"https:\/\/timeaonline.com\/index.php\/wp-json\/wp\/v2\/media?parent=127"}],"curies":[{"name":"wp","href":"https:\/\/api.w.org\/{rel}","templated":true}]}}