{"id":121,"date":"2025-03-16T18:09:41","date_gmt":"2025-03-16T18:09:41","guid":{"rendered":"http:\/\/138.2.163.110\/?page_id=121"},"modified":"2025-03-16T18:11:40","modified_gmt":"2025-03-16T18:11:40","slug":"felzarkoztatas","status":"publish","type":"page","link":"https:\/\/timeaonline.com\/index.php\/our-services\/felzarkoztatas\/","title":{"rendered":"felzarkoztatas"},"content":{"rendered":"\t\t<div data-elementor-type=\"wp-page\" data-elementor-id=\"121\" class=\"elementor elementor-121\">\n\t\t\t\t<div class=\"elementor-element elementor-element-9b1cda6 e-flex e-con-boxed e-con e-parent\" data-id=\"9b1cda6\" data-element_type=\"container\">\n\t\t\t\t\t<div class=\"e-con-inner\">\n\t\t<div class=\"elementor-element elementor-element-78b2e10 e-con-full e-flex e-con e-child\" data-id=\"78b2e10\" data-element_type=\"container\">\n\t\t\t\t<div class=\"elementor-element elementor-element-eef593e elementor-widget elementor-widget-heading\" data-id=\"eef593e\" data-element_type=\"widget\" data-widget_type=\"heading.default\">\n\t\t\t\t<div class=\"elementor-widget-container\">\n\t\t\t\t\t<h4 class=\"elementor-heading-title elementor-size-default\">Felz\u00e1rk\u00f3ztat\u00e1s<\/h4>\t\t\t\t<\/div>\n\t\t\t\t<\/div>\n\t\t\t\t<div class=\"elementor-element elementor-element-1a87a71 elementor-widget elementor-widget-text-editor\" data-id=\"1a87a71\" data-element_type=\"widget\" data-widget_type=\"text-editor.default\">\n\t\t\t\t<div class=\"elementor-widget-container\">\n\t\t\t\t\t\t\t\t\t<p>Az iskolai tanulm\u00e1nyok sor\u00e1n el\u0151fordulhat egy kis lemarad\u00e1s, amelyr\u0151l el\u0151sz\u00f6r az oszt\u00e1lyzatok mes\u00e9lnek. Ennek oka sokf\u00e9le lehet. Megesik, hogy a tan\u00e1r nem magyar\u00e1z j\u00f3l a gyermek\u00fcnknek, esetleg a tank\u00f6nyv nem t\u00fal szerencs\u00e9sen seg\u00edti az otthoni munk\u00e1t, tal\u00e1n kev\u00e9s a gyakorlat. El\u0151fordul, hogy a di\u00e1k valamely tanul\u00e1si neh\u00e9zs\u00e9ggel k\u00fczd, melynek ok\u00e1t eddig m\u00e9g nem t\u00e1rta fel szakember. Mindegyik esetben felz\u00e1rk\u00f3ztat\u00e1sra van sz\u00fcks\u00e9g. Ez az\u00e9rt is javasolt, hogy felv\u00e9telin ne hi\u00e1nyozzon a nyelvtan \u00e9s irodalom tud\u00e1s, illetve az oszt\u00e1lyzatok is javuljanak.<\/p><p>\u00a0<br class=\"wixui-rich-text__text\" \/>T\u00f6bb olyan tov\u00e1bbk\u00e9pz\u00e9st is elv\u00e9geztem, melyen m\u00f3dszertani, szakmai fog\u00e1sokat tanultam a felz\u00e1rk\u00f3ztat\u00e1sra szorul\u00f3 gyerekek tan\u00edt\u00e1s\u00e1hoz. Tan\u00edtottam olyan iskol\u00e1ban, ahol ezt a tud\u00e1somat kamatoztattam, \u00e9s sz\u00e9p eredm\u00e9nyeket \u00e9rtem el fejleszt\u00e9sre szorul\u00f3 di\u00e1kokkal. Ezzel a tud\u00e1sommal szeretn\u00e9k seg\u00edteni gyermek\u00e9nek a felz\u00e1rk\u00f3z\u00e1sban.<br class=\"wixui-rich-text__text\" \/>El\u0151sz\u00f6r egy \u201epr\u00f3ba\u00f3ra\u201d sor\u00e1n megn\u00e9zem a di\u00e1k tud\u00e1s\u00e1t, pr\u00f3b\u00e1lom felm\u00e9rni a lemarad\u00e1s jelleg\u00e9t. Ut\u00e1na a sz\u00fcl\u0151vel \u00e9s gyermek\u00e9vel k\u00f6z\u00f6sen kidolgozzuk a fejleszt\u00e9s ir\u00e1ny\u00e1t.<\/p>\t\t\t\t\t\t\t\t<\/div>\n\t\t\t\t<\/div>\n\t\t\t\t<\/div>\n\t\t<div class=\"elementor-element elementor-element-4562eb1 e-con-full e-flex e-con e-child\" data-id=\"4562eb1\" data-element_type=\"container\">\n\t\t\t\t<div class=\"elementor-element elementor-element-7ff5ac1 elementor-widget elementor-widget-image\" data-id=\"7ff5ac1\" data-element_type=\"widget\" data-widget_type=\"image.default\">\n\t\t\t\t<div class=\"elementor-widget-container\">\n\t\t\t\t\t\t\t\t\t\t\t\t\t\t\t<img fetchpriority=\"high\" decoding=\"async\" width=\"508\" height=\"818\" src=\"https:\/\/timeaonline.com\/wp-content\/uploads\/2025\/03\/Teacher-and-Young-Student.avif\" class=\"attachment-large size-large wp-image-75\" alt=\"\" \/>\t\t\t\t\t\t\t\t\t\t\t\t\t\t\t<\/div>\n\t\t\t\t<\/div>\n\t\t\t\t<\/div>\n\t\t\t\t\t<\/div>\n\t\t\t\t<\/div>\n\t\t\t\t<\/div>\n\t\t","protected":false},"excerpt":{"rendered":"<p>Felz\u00e1rk\u00f3ztat\u00e1s Az iskolai tanulm\u00e1nyok sor\u00e1n el\u0151fordulhat egy kis lemarad\u00e1s, amelyr\u0151l el\u0151sz\u00f6r az oszt\u00e1lyzatok mes\u00e9lnek. Ennek oka sokf\u00e9le lehet. Megesik, hogy a tan\u00e1r nem magyar\u00e1z j\u00f3l a gyermek\u00fcnknek, esetleg a tank\u00f6nyv nem t\u00fal szerencs\u00e9sen seg\u00edti az otthoni munk\u00e1t, tal\u00e1n kev\u00e9s a gyakorlat. El\u0151fordul, hogy a di\u00e1k valamely tanul\u00e1si neh\u00e9zs\u00e9ggel k\u00fczd, melynek ok\u00e1t eddig m\u00e9g nem t\u00e1rta [&hellip;]<\/p>\n","protected":false},"author":1,"featured_media":0,"parent":19,"menu_order":0,"comment_status":"closed","ping_status":"closed","template":"","meta":{"footnotes":""},"class_list":["post-121","page","type-page","status-publish","hentry"],"_links":{"self":[{"href":"https:\/\/timeaonline.com\/index.php\/wp-json\/wp\/v2\/pages\/121","targetHints":{"allow":["GET"]}}],"collection":[{"href":"https:\/\/timeaonline.com\/index.php\/wp-json\/wp\/v2\/pages"}],"about":[{"href":"https:\/\/timeaonline.com\/index.php\/wp-json\/wp\/v2\/types\/page"}],"author":[{"embeddable":true,"href":"https:\/\/timeaonline.com\/index.php\/wp-json\/wp\/v2\/users\/1"}],"replies":[{"embeddable":true,"href":"https:\/\/timeaonline.com\/index.php\/wp-json\/wp\/v2\/comments?post=121"}],"version-history":[{"count":5,"href":"https:\/\/timeaonline.com\/index.php\/wp-json\/wp\/v2\/pages\/121\/revisions"}],"predecessor-version":[{"id":126,"href":"https:\/\/timeaonline.com\/index.php\/wp-json\/wp\/v2\/pages\/121\/revisions\/126"}],"up":[{"embeddable":true,"href":"https:\/\/timeaonline.com\/index.php\/wp-json\/wp\/v2\/pages\/19"}],"wp:attachment":[{"href":"https:\/\/timeaonline.com\/index.php\/wp-json\/wp\/v2\/media?parent=121"}],"curies":[{"name":"wp","href":"https:\/\/api.w.org\/{rel}","templated":true}]}}