{"id":112,"date":"2025-03-16T18:03:55","date_gmt":"2025-03-16T18:03:55","guid":{"rendered":"http:\/\/138.2.163.110\/?page_id=112"},"modified":"2025-03-16T18:08:12","modified_gmt":"2025-03-16T18:08:12","slug":"nyari-felkeszites","status":"publish","type":"page","link":"https:\/\/timeaonline.com\/index.php\/our-services\/nyari-felkeszites\/","title":{"rendered":"nyari felkeszites"},"content":{"rendered":"\t\t<div data-elementor-type=\"wp-page\" data-elementor-id=\"112\" class=\"elementor elementor-112\">\n\t\t\t\t<div class=\"elementor-element elementor-element-11f70ea e-flex e-con-boxed e-con e-parent\" data-id=\"11f70ea\" data-element_type=\"container\">\n\t\t\t\t\t<div class=\"e-con-inner\">\n\t\t<div class=\"elementor-element elementor-element-c7b0e4e e-con-full e-flex e-con e-child\" data-id=\"c7b0e4e\" data-element_type=\"container\">\n\t\t\t\t<div class=\"elementor-element elementor-element-7ef9793 elementor-widget elementor-widget-heading\" data-id=\"7ef9793\" data-element_type=\"widget\" data-widget_type=\"heading.default\">\n\t\t\t\t<div class=\"elementor-widget-container\">\n\t\t\t\t\t<h4 class=\"elementor-heading-title elementor-size-default\">P\u00f3tvizsg\u00e1z\u00f3knak ny\u00e1ri felk\u00e9sz\u00edt\u00e9s<\/h4>\t\t\t\t<\/div>\n\t\t\t\t<\/div>\n\t\t\t\t<div class=\"elementor-element elementor-element-46e059a elementor-widget elementor-widget-text-editor\" data-id=\"46e059a\" data-element_type=\"widget\" data-widget_type=\"text-editor.default\">\n\t\t\t\t<div class=\"elementor-widget-container\">\n\t\t\t\t\t\t\t\t\t<p>Elkezdhet\u0151 j\u00faniusban \u00e9s j\u00faliusban. Javasolt tan\u00f3rai id\u0151tartam: 60 vagy 90 perc.\u00a0<br class=\"wixui-rich-text__text\" \/>Amennyiben nem j\u00f3l alakult az \u00e9v v\u00e9gi nyelvtan vagy irodalom oszt\u00e1lyzat, a ny\u00e1ron meg kell tanulnia gyermek\u00e9nek\u00a0azt, amit az \u00e9v sor\u00e1n kellett volna. Ehhez sz\u00fcks\u00e9g van egy \u00e9v k\u00f6zben hi\u00e1nytalanul vezetett f\u00fczetre. Ha nincs ilyen, akkor egy ped\u00e1nsabb oszt\u00e1lyt\u00e1rs\u00e9ra. Kellenek a tank\u00f6nyvek, \u00e9s egy t\u00e9mak\u00f6r megjel\u00f6l\u00e9s a p\u00f3tvizsg\u00e1ztat\u00f3 tan\u00e1rt\u00f3l. Ezek ut\u00e1n m\u00e1r csak egy nagy adag elsz\u00e1nts\u00e1g kell a gyermeke r\u00e9sz\u00e9r\u0151l, hogy neki\u00fclj\u00f6n, \u00e9s bep\u00f3tolja a hi\u00e1nyoss\u00e1gait.\u00a0<\/p><p><br class=\"wixui-rich-text__text\" \/>El\u0151sz\u00f6r egy \u201epr\u00f3ba\u00f3ra\u201d sor\u00e1n felm\u00e9rem a di\u00e1k lemarad\u00e1s\u00e1t. Ut\u00e1na a sz\u00fcl\u0151vel \u00e9s gyermek\u00e9vel k\u00f6z\u00f6sen kidolgozzuk a ny\u00e1ri teend\u0151ket.<\/p>\t\t\t\t\t\t\t\t<\/div>\n\t\t\t\t<\/div>\n\t\t\t\t<\/div>\n\t\t<div class=\"elementor-element elementor-element-9a20a69 e-con-full e-flex e-con e-child\" data-id=\"9a20a69\" data-element_type=\"container\">\n\t\t\t\t<div class=\"elementor-element elementor-element-297807a elementor-widget elementor-widget-image\" data-id=\"297807a\" data-element_type=\"widget\" data-widget_type=\"image.default\">\n\t\t\t\t<div class=\"elementor-widget-container\">\n\t\t\t\t\t\t\t\t\t\t\t\t\t\t\t<img fetchpriority=\"high\" decoding=\"async\" width=\"590\" height=\"795\" src=\"https:\/\/timeaonline.com\/wp-content\/uploads\/2025\/03\/Interested-Student_.avif\" class=\"attachment-large size-large wp-image-76\" alt=\"\" \/>\t\t\t\t\t\t\t\t\t\t\t\t\t\t\t<\/div>\n\t\t\t\t<\/div>\n\t\t\t\t<\/div>\n\t\t\t\t\t<\/div>\n\t\t\t\t<\/div>\n\t\t\t\t<\/div>\n\t\t","protected":false},"excerpt":{"rendered":"<p>P\u00f3tvizsg\u00e1z\u00f3knak ny\u00e1ri felk\u00e9sz\u00edt\u00e9s Elkezdhet\u0151 j\u00faniusban \u00e9s j\u00faliusban. Javasolt tan\u00f3rai id\u0151tartam: 60 vagy 90 perc.\u00a0Amennyiben nem j\u00f3l alakult az \u00e9v v\u00e9gi nyelvtan vagy irodalom oszt\u00e1lyzat, a ny\u00e1ron meg kell tanulnia gyermek\u00e9nek\u00a0azt, amit az \u00e9v sor\u00e1n kellett volna. Ehhez sz\u00fcks\u00e9g van egy \u00e9v k\u00f6zben hi\u00e1nytalanul vezetett f\u00fczetre. Ha nincs ilyen, akkor egy ped\u00e1nsabb oszt\u00e1lyt\u00e1rs\u00e9ra. Kellenek a tank\u00f6nyvek, [&hellip;]<\/p>\n","protected":false},"author":1,"featured_media":0,"parent":19,"menu_order":0,"comment_status":"closed","ping_status":"closed","template":"","meta":{"footnotes":""},"class_list":["post-112","page","type-page","status-publish","hentry"],"_links":{"self":[{"href":"https:\/\/timeaonline.com\/index.php\/wp-json\/wp\/v2\/pages\/112","targetHints":{"allow":["GET"]}}],"collection":[{"href":"https:\/\/timeaonline.com\/index.php\/wp-json\/wp\/v2\/pages"}],"about":[{"href":"https:\/\/timeaonline.com\/index.php\/wp-json\/wp\/v2\/types\/page"}],"author":[{"embeddable":true,"href":"https:\/\/timeaonline.com\/index.php\/wp-json\/wp\/v2\/users\/1"}],"replies":[{"embeddable":true,"href":"https:\/\/timeaonline.com\/index.php\/wp-json\/wp\/v2\/comments?post=112"}],"version-history":[{"count":8,"href":"https:\/\/timeaonline.com\/index.php\/wp-json\/wp\/v2\/pages\/112\/revisions"}],"predecessor-version":[{"id":120,"href":"https:\/\/timeaonline.com\/index.php\/wp-json\/wp\/v2\/pages\/112\/revisions\/120"}],"up":[{"embeddable":true,"href":"https:\/\/timeaonline.com\/index.php\/wp-json\/wp\/v2\/pages\/19"}],"wp:attachment":[{"href":"https:\/\/timeaonline.com\/index.php\/wp-json\/wp\/v2\/media?parent=112"}],"curies":[{"name":"wp","href":"https:\/\/api.w.org\/{rel}","templated":true}]}}