{"id":105,"date":"2025-03-16T18:01:27","date_gmt":"2025-03-16T18:01:27","guid":{"rendered":"http:\/\/138.2.163.110\/?page_id=105"},"modified":"2025-03-16T18:03:50","modified_gmt":"2025-03-16T18:03:50","slug":"tehetseggondozas","status":"publish","type":"page","link":"https:\/\/timeaonline.com\/index.php\/our-services\/tehetseggondozas\/","title":{"rendered":"tehetseggondozas"},"content":{"rendered":"\t\t<div data-elementor-type=\"wp-page\" data-elementor-id=\"105\" class=\"elementor elementor-105\">\n\t\t\t\t<div class=\"elementor-element elementor-element-f3fb78c e-flex e-con-boxed e-con e-parent\" data-id=\"f3fb78c\" data-element_type=\"container\">\n\t\t\t\t\t<div class=\"e-con-inner\">\n\t\t<div class=\"elementor-element elementor-element-356f2bd e-con-full e-flex e-con e-child\" data-id=\"356f2bd\" data-element_type=\"container\">\n\t\t\t\t<div class=\"elementor-element elementor-element-c25f947 elementor-widget elementor-widget-heading\" data-id=\"c25f947\" data-element_type=\"widget\" data-widget_type=\"heading.default\">\n\t\t\t\t<div class=\"elementor-widget-container\">\n\t\t\t\t\t<h2 class=\"elementor-heading-title elementor-size-default\">Tehets\u00e9ggondoz\u00e1s<\/h2>\t\t\t\t<\/div>\n\t\t\t\t<\/div>\n\t\t\t\t<div class=\"elementor-element elementor-element-22c4c1d elementor-widget elementor-widget-text-editor\" data-id=\"22c4c1d\" data-element_type=\"widget\" data-widget_type=\"text-editor.default\">\n\t\t\t\t<div class=\"elementor-widget-container\">\n\t\t\t\t\t\t\t\t\t<p>A tehets\u00e9ges di\u00e1k sokszor nagyon hamar elsaj\u00e1t\u00edtja az iskolai tananyagot, \u00e9s ut\u00e1na unatkozik az \u00f3r\u00e1kon. Sz\u00e1m\u00e1ra meg kell adni azt a t\u00f6bbletet, melynek seg\u00edts\u00e9g\u00e9vel sz\u00e1rnyalhat a tanul\u00e1sban. Ezalatt \u00e9rtem azt a plusz ismeretanyagot, mely a tank\u00f6nyveib\u0151l kimaradt, \u00e9s azt a magasabb gyakorl\u00e1si szintet, amelyet a jobb gimn\u00e1ziumok elv\u00e1rnak. Igazi szakmai kih\u00edv\u00e1s ilyen tehets\u00e9ges gyerekekkel foglalkozni, mert nekik mindig t\u00f6bb kell, mindig a legkorszer\u0171bb, a legfrissebb tud\u00e1s kell. Ezt a szakmai kih\u00edv\u00e1st v\u00e1llalom, \u00e9s seg\u00edtem gyermek\u00e9t abban, hogy kibontakoztassa tud\u00e1s\u00e1t.<\/p><p><br class=\"wixui-rich-text__text\" \/>El\u0151sz\u00f6r egy \u201epr\u00f3ba\u00f3ra\u201d sor\u00e1n megn\u00e9zem a tanul\u00f3 tud\u00e1s\u00e1t. Megbesz\u00e9lj\u00fck a tov\u00e1bbtanul\u00e1si elk\u00e9pzel\u00e9seket. Ut\u00e1na a sz\u00fcl\u0151vel \u00e9s gyermek\u00e9vel k\u00f6z\u00f6sen kidolgozzuk a fejleszt\u00e9s ir\u00e1ny\u00e1t.<\/p>\t\t\t\t\t\t\t\t<\/div>\n\t\t\t\t<\/div>\n\t\t\t\t<\/div>\n\t\t<div class=\"elementor-element elementor-element-c625d9c e-con-full e-flex e-con e-child\" data-id=\"c625d9c\" data-element_type=\"container\">\n\t\t\t\t<div class=\"elementor-element elementor-element-9402958 elementor-widget elementor-widget-image\" data-id=\"9402958\" data-element_type=\"widget\" data-widget_type=\"image.default\">\n\t\t\t\t<div class=\"elementor-widget-container\">\n\t\t\t\t\t\t\t\t\t\t\t\t\t\t\t<img fetchpriority=\"high\" decoding=\"async\" width=\"418\" height=\"799\" src=\"https:\/\/timeaonline.com\/wp-content\/uploads\/2025\/03\/Teacher-Student.avif\" class=\"attachment-large size-large wp-image-107\" alt=\"\" \/>\t\t\t\t\t\t\t\t\t\t\t\t\t\t\t<\/div>\n\t\t\t\t<\/div>\n\t\t\t\t<\/div>\n\t\t\t\t\t<\/div>\n\t\t\t\t<\/div>\n\t\t\t\t<\/div>\n\t\t","protected":false},"excerpt":{"rendered":"<p>Tehets\u00e9ggondoz\u00e1s A tehets\u00e9ges di\u00e1k sokszor nagyon hamar elsaj\u00e1t\u00edtja az iskolai tananyagot, \u00e9s ut\u00e1na unatkozik az \u00f3r\u00e1kon. Sz\u00e1m\u00e1ra meg kell adni azt a t\u00f6bbletet, melynek seg\u00edts\u00e9g\u00e9vel sz\u00e1rnyalhat a tanul\u00e1sban. Ezalatt \u00e9rtem azt a plusz ismeretanyagot, mely a tank\u00f6nyveib\u0151l kimaradt, \u00e9s azt a magasabb gyakorl\u00e1si szintet, amelyet a jobb gimn\u00e1ziumok elv\u00e1rnak. Igazi szakmai kih\u00edv\u00e1s ilyen tehets\u00e9ges gyerekekkel [&hellip;]<\/p>\n","protected":false},"author":1,"featured_media":0,"parent":19,"menu_order":0,"comment_status":"closed","ping_status":"closed","template":"","meta":{"footnotes":""},"class_list":["post-105","page","type-page","status-publish","hentry"],"_links":{"self":[{"href":"https:\/\/timeaonline.com\/index.php\/wp-json\/wp\/v2\/pages\/105","targetHints":{"allow":["GET"]}}],"collection":[{"href":"https:\/\/timeaonline.com\/index.php\/wp-json\/wp\/v2\/pages"}],"about":[{"href":"https:\/\/timeaonline.com\/index.php\/wp-json\/wp\/v2\/types\/page"}],"author":[{"embeddable":true,"href":"https:\/\/timeaonline.com\/index.php\/wp-json\/wp\/v2\/users\/1"}],"replies":[{"embeddable":true,"href":"https:\/\/timeaonline.com\/index.php\/wp-json\/wp\/v2\/comments?post=105"}],"version-history":[{"count":5,"href":"https:\/\/timeaonline.com\/index.php\/wp-json\/wp\/v2\/pages\/105\/revisions"}],"predecessor-version":[{"id":111,"href":"https:\/\/timeaonline.com\/index.php\/wp-json\/wp\/v2\/pages\/105\/revisions\/111"}],"up":[{"embeddable":true,"href":"https:\/\/timeaonline.com\/index.php\/wp-json\/wp\/v2\/pages\/19"}],"wp:attachment":[{"href":"https:\/\/timeaonline.com\/index.php\/wp-json\/wp\/v2\/media?parent=105"}],"curies":[{"name":"wp","href":"https:\/\/api.w.org\/{rel}","templated":true}]}}